{"id":9597,"date":"2020-09-23T16:43:19","date_gmt":"2020-09-23T09:43:19","guid":{"rendered":"https:\/\/minhhoa.com.vn\/trang-chu"},"modified":"2025-05-30T15:03:09","modified_gmt":"2025-05-30T08:03:09","slug":"trang-chu","status":"publish","type":"page","link":"https:\/\/www.minhhoa.com.vn\/en","title":{"rendered":"Home"},"content":{"rendered":"\n\t\t\t<!-- START Slider 1 REVOLUTION SLIDER 6.3.5 --><p class=\"rs-p-wp-fix\"><\/p>\n\t\t\t<rs-module-wrap id=\"rev_slider_1_1_wrapper\" data-source=\"gallery\" style=\"background:transparent;padding:0;margin:0px auto;margin-top:0;margin-bottom:0;\">\n\t\t\t\t<rs-module id=\"rev_slider_1_1\" style=\"\" data-version=\"6.3.5\">\n\t\t\t\t\t<rs-slides>\n\t\t\t\t\t\t<rs-slide data-key=\"rs-6\" data-title=\"Slide\" data-anim=\"ei:d;eo:d;s:1000;r:0;t:fade;sl:0;\">\n\t\t\t\t\t\t\t<img src=\"\/\/www.minhhoa.com.vn\/wp-content\/plugins\/revslider\/public\/assets\/assets\/transparent.png\" alt=\"Slide\" title=\"Home\" class=\"rev-slidebg\" data-no-retina>\n<!--\n\t\t\t\t\t\t\t--><rs-layer\n\t\t\t\t\t\t\t\tid=\"slider-1-slide-6-layer-4\" \n\t\t\t\t\t\t\t\tdata-type=\"image\"\n\t\t\t\t\t\t\t\tdata-rsp_ch=\"on\"\n\t\t\t\t\t\t\t\tdata-xy=\"x:-3px;y:-4px;\"\n\t\t\t\t\t\t\t\tdata-text=\"w:normal;\"\n\t\t\t\t\t\t\t\tdata-dim=\"w:1983px;h:656.99px;\"\n\t\t\t\t\t\t\t\tdata-frame_999=\"o:0;st:w;\"\n\t\t\t\t\t\t\t\tstyle=\"z-index:5;\"\n\t\t\t\t\t\t\t><img src=\"\/\/minhhoa.com.vn\/wp-content\/uploads\/2025\/12\/banner-tet-2026-3.jpg\" width=\"1920\" height=\"636\" data-no-retina> \n\t\t\t\t\t\t\t<\/rs-layer><!--\n-->\t\t\t\t\t\t<\/rs-slide>\n\t\t\t\t\t\t<rs-slide data-key=\"rs-7\" data-title=\"Slide\" data-anim=\"ei:d;eo:d;s:1000;r:0;t:fade;sl:0;\">\n\t\t\t\t\t\t\t<img src=\"\/\/www.minhhoa.com.vn\/wp-content\/plugins\/revslider\/public\/assets\/assets\/transparent.png\" alt=\"Slide\" title=\"Home\" class=\"rev-slidebg\" data-no-retina>\n<!--\n\t\t\t\t\t\t\t--><rs-layer\n\t\t\t\t\t\t\t\tid=\"slider-1-slide-7-layer-5\" \n\t\t\t\t\t\t\t\tdata-type=\"image\"\n\t\t\t\t\t\t\t\tdata-rsp_ch=\"on\"\n\t\t\t\t\t\t\t\tdata-xy=\"x:-6px;y:-5px;\"\n\t\t\t\t\t\t\t\tdata-text=\"w:normal;\"\n\t\t\t\t\t\t\t\tdata-dim=\"w:1920px;h:669.986px;\"\n\t\t\t\t\t\t\t\tdata-frame_999=\"o:0;st:w;\"\n\t\t\t\t\t\t\t\tstyle=\"z-index:5;\"\n\t\t\t\t\t\t\t><img src=\"\/\/minhhoa.com.vn\/wp-content\/uploads\/2025\/12\/Banner-tet-2026-2-1.jpg\" width=\"1920\" height=\"643\" data-no-retina> \n\t\t\t\t\t\t\t<\/rs-layer><!--\n-->\t\t\t\t\t\t<\/rs-slide>\n\t\t\t\t\t\t<rs-slide data-key=\"rs-1\" data-title=\"Slide\" data-thumb=\"\/\/minhhoa.com.vn\/wp-content\/uploads\/2025\/05\/z6646511384541_738efbe1b4c4acca7a4fb45f66c7d107.jpg\" data-anim=\"ei:d;eo:d;s:1000;r:0;t:fade;sl:0;\">\n\t\t\t\t\t\t\t<img src=\"\/\/minhhoa.com.vn\/wp-content\/uploads\/2025\/05\/z6646511384541_738efbe1b4c4acca7a4fb45f66c7d107.jpg\" title=\"z6646511384541_738efbe1b4c4acca7a4fb45f66c7d107\" width=\"1920\" height=\"642\" class=\"rev-slidebg\" data-no-retina>\n<!--\n\t\t\t\t\t\t\t--><rs-layer\n\t\t\t\t\t\t\t\tid=\"slider-1-slide-1-layer-1\" \n\t\t\t\t\t\t\t\tdata-type=\"text\"\n\t\t\t\t\t\t\t\tdata-color=\"#ffffff\"\n\t\t\t\t\t\t\t\tdata-rsp_ch=\"on\"\n\t\t\t\t\t\t\t\tdata-xy=\"x:370px;y:346px;\"\n\t\t\t\t\t\t\t\tdata-text=\"w:normal;\"\n\t\t\t\t\t\t\t\tdata-vbility=\"f,f,f,f\"\n\t\t\t\t\t\t\t\tdata-frame_0=\"x:50;\"\n\t\t\t\t\t\t\t\tdata-frame_1=\"st:250;sp:1000;\"\n\t\t\t\t\t\t\t\tdata-frame_999=\"x:50;o:0;st:w;sp:1000;\"\n\t\t\t\t\t\t\t\tstyle=\"z-index:6;font-family:Roboto;\"\n\t\t\t\t\t\t\t>Gi\u1ea3m gi\u00e1 l\u00ean \u0111\u1ebfn 60% cho c\u00e1c s\u1ea3n ph\u1ea9m m\u1edbi \n\t\t\t\t\t\t\t<\/rs-layer><!--\n\n\t\t\t\t\t\t\t--><a\n\t\t\t\t\t\t\t\tid=\"slider-1-slide-1-layer-2\" \n\t\t\t\t\t\t\t\tclass=\"rs-layer rev-btn\"\n\t\t\t\t\t\t\t\thref=\"\/san-pham\" target=\"_self\"\n\t\t\t\t\t\t\t\tdata-type=\"button\"\n\t\t\t\t\t\t\t\tdata-color=\"#ffffff\"\n\t\t\t\t\t\t\t\tdata-rsp_ch=\"on\"\n\t\t\t\t\t\t\t\tdata-xy=\"x:370px;y:397px;\"\n\t\t\t\t\t\t\t\tdata-text=\"w:normal;s:17;l:48;fw:300;\"\n\t\t\t\t\t\t\t\tdata-vbility=\"f,f,f,f\"\n\t\t\t\t\t\t\t\tdata-padding=\"r:38;l:38;\"\n\t\t\t\t\t\t\t\tdata-border=\"bor:3px,3px,3px,3px;\"\n\t\t\t\t\t\t\t\tdata-frame_0=\"x:50;\"\n\t\t\t\t\t\t\t\tdata-frame_1=\"st:250;sp:1000;\"\n\t\t\t\t\t\t\t\tdata-frame_999=\"x:50;o:0;st:w;sp:1000;\"\n\t\t\t\t\t\t\t\tdata-frame_hover=\"bgc:#007aff;bor:3px,3px,3px,3px;sp:100;e:power1.inOut;bri:120%;\"\n\t\t\t\t\t\t\t\tstyle=\"z-index:7;background-color:#2484aa;font-family:Roboto;\"\n\t\t\t\t\t\t\t>Mua ngay \n\t\t\t\t\t\t\t<\/a><!--\n\n\t\t\t\t\t\t\t--><rs-layer\n\t\t\t\t\t\t\t\tid=\"slider-1-slide-1-layer-8\" \n\t\t\t\t\t\t\t\tdata-type=\"image\"\n\t\t\t\t\t\t\t\tdata-rsp_ch=\"on\"\n\t\t\t\t\t\t\t\tdata-xy=\"x:-10px;y:-6px;\"\n\t\t\t\t\t\t\t\tdata-text=\"w:normal;\"\n\t\t\t\t\t\t\t\tdata-dim=\"w:1986px;h:663.997px;\"\n\t\t\t\t\t\t\t\tdata-frame_999=\"o:0;st:w;\"\n\t\t\t\t\t\t\t\tstyle=\"z-index:8;\"\n\t\t\t\t\t\t\t><img src=\"\/\/minhhoa.com.vn\/wp-content\/uploads\/2025\/12\/z6646511384541_738efbe1b4c4acca7a4fb45f66c7d107.jpg\" width=\"1920\" height=\"642\" data-no-retina> \n\t\t\t\t\t\t\t<\/rs-layer><!--\n-->\t\t\t\t\t\t<\/rs-slide>\n\t\t\t\t\t\t<rs-slide data-key=\"rs-5\" data-title=\"Slide\" data-anim=\"ei:d;eo:d;s:1000;r:0;t:fade;sl:0;\">\n\t\t\t\t\t\t\t<img src=\"\/\/www.minhhoa.com.vn\/wp-content\/plugins\/revslider\/public\/assets\/assets\/transparent.png\" alt=\"Slide\" title=\"Home\" class=\"rev-slidebg\" data-no-retina>\n<!--\n\t\t\t\t\t\t\t--><rs-layer\n\t\t\t\t\t\t\t\tid=\"slider-1-slide-5-layer-6\" \n\t\t\t\t\t\t\t\tdata-type=\"image\"\n\t\t\t\t\t\t\t\tdata-rsp_ch=\"on\"\n\t\t\t\t\t\t\t\tdata-text=\"w:normal;\"\n\t\t\t\t\t\t\t\tdata-dim=\"w:1968px;h:653.997px;\"\n\t\t\t\t\t\t\t\tdata-frame_999=\"o:0;st:w;\"\n\t\t\t\t\t\t\t\tstyle=\"z-index:5;\"\n\t\t\t\t\t\t\t><img src=\"\/\/minhhoa.com.vn\/wp-content\/uploads\/2025\/05\/z6646256708080_5429334b5884d4a74783d4b73a398941.jpg\" width=\"1920\" height=\"638\" data-no-retina> \n\t\t\t\t\t\t\t<\/rs-layer><!--\n-->\t\t\t\t\t\t<\/rs-slide>\n\t\t\t\t\t<\/rs-slides>\n\t\t\t\t<\/rs-module>\n\t\t\t\t<script type=\"text\/javascript\">\n\t\t\t\t\tsetREVStartSize({c: 'rev_slider_1_1',rl:[1240,1024,778,480],el:[650],gw:[1920],gh:[650],type:'standard',justify:'',layout:'fullwidth',mh:\"0\"});\n\t\t\t\t\tvar\trevapi1,\n\t\t\t\t\t\ttpj;\n\t\t\t\t\tfunction revinit_revslider11() {\n\t\t\t\t\tjQuery(function() {\n\t\t\t\t\t\ttpj = jQuery;\n\t\t\t\t\t\trevapi1 = tpj(\"#rev_slider_1_1\");\n\t\t\t\t\t\tif(revapi1==undefined || revapi1.revolution == undefined){\n\t\t\t\t\t\t\trevslider_showDoubleJqueryError(\"rev_slider_1_1\");\n\t\t\t\t\t\t}else{\n\t\t\t\t\t\t\trevapi1.revolution({\n\t\t\t\t\t\t\t\tsliderLayout:\"fullwidth\",\n\t\t\t\t\t\t\t\tduration:\"2000ms\",\n\t\t\t\t\t\t\t\tvisibilityLevels:\"1240,1024,778,480\",\n\t\t\t\t\t\t\t\tgridwidth:1920,\n\t\t\t\t\t\t\t\tgridheight:650,\n\t\t\t\t\t\t\t\tautoHeight:true,\n\t\t\t\t\t\t\t\tspinner:\"spinner0\",\n\t\t\t\t\t\t\t\tperspective:600,\n\t\t\t\t\t\t\t\tperspectiveType:\"global\",\n\t\t\t\t\t\t\t\teditorheight:\"650,440,320,220\",\n\t\t\t\t\t\t\t\tresponsiveLevels:\"1240,1024,778,480\",\n\t\t\t\t\t\t\t\tprogressBar:{disableProgressBar:true},\n\t\t\t\t\t\t\t\tnavigation: {\n\t\t\t\t\t\t\t\t\twheelCallDelay:1000,\n\t\t\t\t\t\t\t\t\tonHoverStop:false,\n\t\t\t\t\t\t\t\t\tarrows: {\n\t\t\t\t\t\t\t\t\t\tenable:true,\n\t\t\t\t\t\t\t\t\t\tstyle:\"hesperiden\",\n\t\t\t\t\t\t\t\t\t\thide_onleave:true,\n\t\t\t\t\t\t\t\t\t\tleft: {\n\t\t\t\t\t\t\t\t\t\t\th_offset:30\n\t\t\t\t\t\t\t\t\t\t},\n\t\t\t\t\t\t\t\t\t\tright: {\n\t\t\t\t\t\t\t\t\t\t\th_offset:30\n\t\t\t\t\t\t\t\t\t\t}\n\t\t\t\t\t\t\t\t\t}\n\t\t\t\t\t\t\t\t},\n\t\t\t\t\t\t\t\tfallbacks: {\n\t\t\t\t\t\t\t\t\tallowHTML5AutoPlayOnAndroid:true\n\t\t\t\t\t\t\t\t},\n\t\t\t\t\t\t\t});\n\t\t\t\t\t\t}\n\t\t\t\t\t\t\n\t\t\t\t\t});\n\t\t\t\t\t} \/\/ End of RevInitScript\n\t\t\t\tvar once_revslider11 = false;\n\t\t\t\tif (document.readyState === \"loading\") {document.addEventListener('readystatechange',function() { if((document.readyState === \"interactive\" || document.readyState === \"complete\") && !once_revslider11 ) { once_revslider11 = true; revinit_revslider11();}});} else {once_revslider11 = true; revinit_revslider11();}\n\t\t\t\t<\/script>\n\t\t\t\t<script>\n\t\t\t\t\tvar htmlDivCss = unescape(\"%23rev_slider_1_1_wrapper%20.hesperiden.tparrows%20%7B%0A%09cursor%3Apointer%3B%0A%09background%3Argba%280%2C0%2C0%2C0.5%29%3B%0A%09width%3A40px%3B%0A%09height%3A40px%3B%0A%09position%3Aabsolute%3B%0A%09display%3Ablock%3B%0A%09z-index%3A1000%3B%0A%20%20%20%20border-radius%3A%2050%25%3B%0A%7D%0A%23rev_slider_1_1_wrapper%20.hesperiden.tparrows%3Ahover%20%7B%0A%09background%3A%23000000%3B%0A%7D%0A%23rev_slider_1_1_wrapper%20.hesperiden.tparrows%3Abefore%20%7B%0A%09font-family%3A%20%27revicons%27%3B%0A%09font-size%3A20px%3B%0A%09color%3A%23ffffff%3B%0A%09display%3Ablock%3B%0A%09line-height%3A%2040px%3B%0A%09text-align%3A%20center%3B%0A%7D%0A%23rev_slider_1_1_wrapper%20.hesperiden.tparrows.tp-leftarrow%3Abefore%20%7B%0A%09content%3A%20%27%5Ce82c%27%3B%0A%20%20%20%20margin-left%3A-3px%3B%0A%7D%0A%23rev_slider_1_1_wrapper%20.hesperiden.tparrows.tp-rightarrow%3Abefore%20%7B%0A%09content%3A%20%27%5Ce82d%27%3B%0A%20%20%20%20margin-right%3A-3px%3B%0A%7D%0A\");\n\t\t\t\t\tvar htmlDiv = document.getElementById('rs-plugin-settings-inline-css');\n\t\t\t\t\tif(htmlDiv) {\n\t\t\t\t\t\thtmlDiv.innerHTML = htmlDiv.innerHTML + htmlDivCss;\n\t\t\t\t\t}else{\n\t\t\t\t\t\tvar htmlDiv = document.createElement('div');\n\t\t\t\t\t\thtmlDiv.innerHTML = '<style>' + htmlDivCss + '<\/style>';\n\t\t\t\t\t\tdocument.getElementsByTagName('head')[0].appendChild(htmlDiv.childNodes[0]);\n\t\t\t\t\t}\n\t\t\t\t<\/script>\n\t\t\t\t<script>\n\t\t\t\t\tvar htmlDivCss = unescape(\"%0A%0A%0A%0A\");\n\t\t\t\t\tvar htmlDiv = document.getElementById('rs-plugin-settings-inline-css');\n\t\t\t\t\tif(htmlDiv) {\n\t\t\t\t\t\thtmlDiv.innerHTML = htmlDiv.innerHTML + htmlDivCss;\n\t\t\t\t\t}else{\n\t\t\t\t\t\tvar htmlDiv = document.createElement('div');\n\t\t\t\t\t\thtmlDiv.innerHTML = '<style>' + htmlDivCss + '<\/style>';\n\t\t\t\t\t\tdocument.getElementsByTagName('head')[0].appendChild(htmlDiv.childNodes[0]);\n\t\t\t\t\t}\n\t\t\t\t<\/script>\n\t\t\t<\/rs-module-wrap>\n\t\t\t<!-- END REVOLUTION SLIDER -->\n\n<h3>Product catalog<\/h3>\n<p><div class=\"woocommerce columns-4\"><ul class=\"products columns-4\">\n<li class=\"product-category product first\">\n\t<\/li>\n<li class=\"product-category product\">\n\t<\/li>\n<li class=\"product-category product\">\n\t<\/li>\n<li class=\"product-category product last\">\n\t<\/li>\n<li class=\"product-category product first\">\n\t<\/li>\n<li class=\"product-category product\">\n\t<\/li>\n<li class=\"product-category product\">\n\t<\/li>\n<li class=\"product-category product last\">\n\t<\/li>\n<li class=\"product-category product first\">\n\t<\/li>\n<li class=\"product-category product\">\n\t<\/li>\n<li class=\"product-category product\">\n\t<\/li>\n<li class=\"product-category product last\">\n\t<\/li>\n<li class=\"product-category product first\">\n\t<\/li>\n<li class=\"product-category product\">\n\t<\/li>\n<li class=\"product-category product\">\n\t<\/li>\n<li class=\"product-category product last\">\n\t<\/li>\n<li class=\"product-category product first\">\n\t<\/li>\n<li class=\"product-category product\">\n\t<\/li>\n<li class=\"product-category product\">\n\t<\/li>\n<\/ul>\n<\/div><br \/>\n\t<div class=\"woocommerce columns-4\"><ul class=\"products columns-4\">\n<li class=\"product-category product first\">\n\t<\/li>\n<li class=\"product-category product\">\n\t<\/li>\n<li class=\"product-category product\">\n\t<\/li>\n<li class=\"product-category product last\">\n\t<\/li>\n<li class=\"product-category product first\">\n\t<\/li>\n<li class=\"product-category product\">\n\t<\/li>\n<li class=\"product-category product\">\n\t<\/li>\n<\/ul>\n<\/div><\/p>\n<h3>Promotional products<\/h3>\n<p><div class=\"woocommerce columns-4 \"><\/div><br \/>\n\t\t\t\t<img src=\"https:\/\/minhhoa.com.vn\/\/wp-content\/uploads\/2024\/01\/z5104143111486_85947cd6c6e97256bfb40e32f584e9b4.jpg\" alt=\"z5104143111486_85947cd6c6e97256bfb40e32f584e9b4\" itemprop=\"image\"\/><\/p>\n<h3><\/h3>\n<p>\t\t\t\t<img src=\"https:\/\/minhhoa.com.vn\/\/wp-content\/uploads\/2024\/01\/z5105120649949_7cfabbe72d27db57ab9b890db60ab695.jpg\" alt=\"z5105120649949_7cfabbe72d27db57ab9b890db60ab695\" itemprop=\"image\"\/><\/p>\n<h3><\/h3>\n<h3>New products<\/h3>\n<p>\t\t<a href=\"\/san-pham\" target=\"_self\" role=\"button\" rel=\"noopener\"><br \/>\n\t\t\t\t\t\tSee more products<br \/>\n\t\t<\/a><br \/>\n<div class=\"woocommerce columns-3 \"><ul class=\"products columns-3\">\n<li class=\"product type-product post-9639 status-publish first instock product_cat-brass-ball-valve product_cat-minh-hoa-products has-post-thumbnail shipping-taxable product-type-variable\">\n\t<div class=\"btn-gtoup-products\">\n\t\t\t<div class=\"btn-add-to-cart\">\n\t\t<a href=\"https:\/\/www.minhhoa.com.vn\/en\/san-pham\/brass-ball-valve-with-lever-handle-miha-brand\" data-quantity=\"1\" class=\"button product_type_variable aaa\" data-product_id=\"9639\" data-product_sku=\"\" aria-label=\"Select options for &ldquo;Brass ball valve with lever handle, miha brand&rdquo;\" rel=\"nofollow\">Read more<\/a>\t<\/div>\n<\/div>\n<\/li>\n<li class=\"product type-product post-9642 status-publish instock product_cat-brass-taps product_cat-minh-hoa-products has-post-thumbnail shipping-taxable product-type-variable\">\n\t<div class=\"btn-gtoup-products\">\n\t\t\t<div class=\"btn-add-to-cart\">\n\t\t<a href=\"https:\/\/www.minhhoa.com.vn\/en\/san-pham\/plated-brass-garden-tap-with-lever-handle-miha-brand\" data-quantity=\"1\" class=\"button product_type_variable aaa\" data-product_id=\"9642\" data-product_sku=\"\" aria-label=\"Select options for &ldquo;Plated brass garden tap with lever handle, MIHA brand&rdquo;\" rel=\"nofollow\">Read more<\/a>\t<\/div>\n<\/div>\n<\/li>\n<li class=\"product type-product post-9644 status-publish last instock product_cat-brass-angle-valve product_cat-minh-hoa-products has-post-thumbnail shipping-taxable product-type-variable\">\n\t<div class=\"btn-gtoup-products\">\n\t\t\t<div class=\"btn-add-to-cart\">\n\t\t<a href=\"https:\/\/www.minhhoa.com.vn\/en\/san-pham\/brass-combination-angle-valve-with-lockable-handle-miha-brand\" data-quantity=\"1\" class=\"button product_type_variable aaa\" data-product_id=\"9644\" data-product_sku=\"\" aria-label=\"Select options for &ldquo;Brass combination angle valve with lockable handle, MIHA brand&rdquo;\" rel=\"nofollow\">Read more<\/a>\t<\/div>\n<\/div>\n<\/li>\n<li class=\"product type-product post-9646 status-publish first instock product_cat-brass-angle-valve product_cat-minh-hoa-products has-post-thumbnail shipping-taxable product-type-variable\">\n\t<div class=\"btn-gtoup-products\">\n\t\t\t<div class=\"btn-add-to-cart\">\n\t\t<a href=\"https:\/\/www.minhhoa.com.vn\/en\/san-pham\/brass-combination-angle-valve-without-handle-miha-brand\" data-quantity=\"1\" class=\"button product_type_variable aaa\" data-product_id=\"9646\" data-product_sku=\"\" aria-label=\"Select options for &ldquo;Brass combination angle valve without handle, MIHA brand&rdquo;\" rel=\"nofollow\">Read more<\/a>\t<\/div>\n<\/div>\n<\/li>\n<li class=\"product type-product post-9648 status-publish instock product_cat-brass-angle-valve product_cat-minh-hoa-products has-post-thumbnail shipping-taxable product-type-variable\">\n\t<div class=\"btn-gtoup-products\">\n\t\t\t<div class=\"btn-add-to-cart\">\n\t\t<a href=\"https:\/\/www.minhhoa.com.vn\/en\/san-pham\/brass-angle-valve-with-check-valve-connect-before-water-meter-abs-handle-miha-brand\" data-quantity=\"1\" class=\"button product_type_variable aaa\" data-product_id=\"9648\" data-product_sku=\"\" aria-label=\"Select options for &ldquo;Brass angle valve with check valve, connect before water meter, ABS handle, MIHA brand&rdquo;\" rel=\"nofollow\">Read more<\/a>\t<\/div>\n<\/div>\n<\/li>\n<li class=\"product type-product post-9650 status-publish last instock product_cat-brass-angle-valve product_cat-minh-hoa-products has-post-thumbnail shipping-taxable product-type-variable\">\n\t<div class=\"btn-gtoup-products\">\n\t\t\t<div class=\"btn-add-to-cart\">\n\t\t<a href=\"https:\/\/www.minhhoa.com.vn\/en\/san-pham\/brass-angle-valve-with-abs-handle-miha-brand\" data-quantity=\"1\" class=\"button product_type_variable aaa\" data-product_id=\"9650\" data-product_sku=\"\" aria-label=\"Select options for &ldquo;Brass angle valve with ABS handle, MIHA brand&rdquo;\" rel=\"nofollow\">Read more<\/a>\t<\/div>\n<\/div>\n<\/li>\n<\/ul>\n<\/div><br \/>\n\t\t\t\t<a href=\"\/danh-muc-san-pham\/bulls-eye-level\" target=\"_self\" itemprop=\"url\" rel=\"noopener\"><br \/>\n\t\t\t\t<img src=\"https:\/\/minhhoa.com.vn\/\/wp-content\/uploads\/2024\/01\/z5104143119494_0b044af2a9db5da1f173a2f4afe25de5.jpg\" alt=\"z5104143119494_0b044af2a9db5da1f173a2f4afe25de5\" itemprop=\"image\"  \/><br \/>\n\t\t\t\t\t\t<\/a><br \/>\n\t\t\t\t<img src=\"https:\/\/minhhoa.com.vn\/wp-content\/uploads\/2024\/02\/images-removebg-preview.png\" alt=\"images-removebg-preview\" itemprop=\"image\"\/><\/p>\n<h5>30 YEARS<\/h5>\n<h3><\/h3>\n<p>\t\t\t\t<img src=\"https:\/\/minhhoa.com.vn\/wp-content\/uploads\/2024\/02\/png-transparent-computer-icons-home-house-home-angle-building-rectangle-thumbnail-removebg-preview.png\" alt=\"png-transparent-computer-icons-home-house-home-angle-building-rectangle-thumbnail-removebg-preview\" itemprop=\"image\"\/><\/p>\n<h5>1200+ POINTS OF SALE<\/h5>\n<h3><\/h3>\n<p>\t\t\t\t<img src=\"https:\/\/minhhoa.com.vn\/wp-content\/uploads\/2024\/02\/44386.png\" alt=\"44386\" itemprop=\"image\"\/><\/p>\n<h5>30 EXPORTING COUNTRIES<\/h5>\n<h3><\/h3>\n<p>\t\t\t\t<img src=\"https:\/\/minhhoa.com.vn\/wp-content\/uploads\/2024\/02\/z5176422932065_8e4fccc23a76e76048bad7ba6c522b46-removebg-preview.png\" alt=\"z5176422932065_8e4fccc23a76e76048bad7ba6c522b46-removebg-preview\" itemprop=\"image\"\/><\/p>\n<h5>2800 + PARTNERS<\/h5>\n<h3><\/h3>\n<h3>Outstanding product<\/h3>\n<p>\t\t<a href=\"\/san-pham\" target=\"_self\" role=\"button\" rel=\"noopener\"><br \/>\n\t\t\t\t\t\tSee more products<br \/>\n\t\t<\/a><br \/>\n\t\t\t\t<a href=\"\/danh-muc-san-pham\/compact\" target=\"_self\" itemprop=\"url\" rel=\"noopener\"><br \/>\n\t\t\t\t<img src=\"https:\/\/minhhoa.com.vn\/\/wp-content\/uploads\/2024\/01\/z5104143147351_c5181b8baafb83525ba86f11fafa00e7.jpg\" alt=\"z5104143147351_c5181b8baafb83525ba86f11fafa00e7\" itemprop=\"image\"  \/><br \/>\n\t\t\t\t\t\t<\/a><br \/>\n\t<div class=\"woocommerce columns-3 \"><ul class=\"products columns-3\">\n<li class=\"product type-product post-9688 status-publish first instock product_cat-brass-fittings product_cat-minh-hoa-products has-post-thumbnail shipping-taxable product-type-variable\">\n\t<div class=\"btn-gtoup-products\">\n\t\t\t<div class=\"btn-add-to-cart\">\n\t\t<a href=\"https:\/\/www.minhhoa.com.vn\/en\/san-pham\/brass-bushings\" data-quantity=\"1\" class=\"button product_type_variable aaa\" data-product_id=\"9688\" data-product_sku=\"\" aria-label=\"Select options for &ldquo;Brass Bushings&rdquo;\" rel=\"nofollow\">Read more<\/a>\t<\/div>\n<\/div>\n<\/li>\n<li class=\"product type-product post-9777 status-publish instock product_cat-minh-hoa-products product_cat-ppr-fittings has-post-thumbnail shipping-taxable product-type-variable\">\n\t<div class=\"btn-gtoup-products\">\n\t\t\t<div class=\"btn-add-to-cart\">\n\t\t<a href=\"https:\/\/www.minhhoa.com.vn\/en\/san-pham\/ppr-female-tee\" data-quantity=\"1\" class=\"button product_type_variable aaa\" data-product_id=\"9777\" data-product_sku=\"\" aria-label=\"Select options for &ldquo;PPR female Tee&rdquo;\" rel=\"nofollow\">Read more<\/a>\t<\/div>\n<\/div>\n<\/li>\n<li class=\"product type-product post-9863 status-publish last instock product_cat-brass-ball-valve product_cat-minh-hoa-products has-post-thumbnail shipping-taxable product-type-variable\">\n\t<div class=\"btn-gtoup-products\">\n\t\t\t<div class=\"btn-add-to-cart\">\n\t\t<a href=\"https:\/\/www.minhhoa.com.vn\/en\/san-pham\/brass-ball-valve-with-abs-butterfly-handle-male-male-miha-brand\" data-quantity=\"1\" class=\"button product_type_variable aaa\" data-product_id=\"9863\" data-product_sku=\"\" aria-label=\"Select options for &ldquo;Brass ball valve with ABS butterfly handle, Male\/Male, MIHA brand&rdquo;\" rel=\"nofollow\">Read more<\/a>\t<\/div>\n<\/div>\n<\/li>\n<li class=\"product type-product post-9912 status-publish first instock product_cat-brass-ball-valve product_cat-minh-hoa-products has-post-thumbnail shipping-taxable product-type-variable\">\n\t<div class=\"btn-gtoup-products\">\n\t\t\t<div class=\"btn-add-to-cart\">\n\t\t<a href=\"https:\/\/www.minhhoa.com.vn\/en\/san-pham\/brass-ball-valve-with-lever-handle-mi-brand\" data-quantity=\"1\" class=\"button product_type_variable aaa\" data-product_id=\"9912\" data-product_sku=\"\" aria-label=\"Select options for &ldquo;Brass ball valve with lever handle, MI brand&rdquo;\" rel=\"nofollow\">Read more<\/a>\t<\/div>\n<\/div>\n<\/li>\n<li class=\"product type-product post-10066 status-publish instock product_cat-brass-gate-valve product_cat-minh-hoa-products has-post-thumbnail shipping-taxable product-type-variable\">\n\t<div class=\"btn-gtoup-products\">\n\t\t\t<div class=\"btn-add-to-cart\">\n\t\t<a href=\"https:\/\/www.minhhoa.com.vn\/en\/san-pham\/brass-gate-valve-mbvbrand\" data-quantity=\"1\" class=\"button product_type_variable aaa\" data-product_id=\"10066\" data-product_sku=\"\" aria-label=\"Select options for &ldquo;Brass gate valve MBV Brand&rdquo;\" rel=\"nofollow\">Read more<\/a>\t<\/div>\n<\/div>\n<\/li>\n<li class=\"product type-product post-10109 status-publish last instock product_cat-minh-hoa-products product_cat-zinc-taps has-post-thumbnail shipping-taxable product-type-variable\">\n\t<div class=\"btn-gtoup-products\">\n\t\t\t<div class=\"btn-add-to-cart\">\n\t\t<a href=\"https:\/\/www.minhhoa.com.vn\/en\/san-pham\/zinc-alloy-tap-daling-brand\" data-quantity=\"1\" class=\"button product_type_variable aaa\" data-product_id=\"10109\" data-product_sku=\"\" aria-label=\"Select options for &ldquo;Zinc alloy tap, Daling brand&rdquo;\" rel=\"nofollow\">Read more<\/a>\t<\/div>\n<\/div>\n<\/li>\n<\/ul>\n<\/div><\/p>\n<h3>News<\/h3>\n","protected":false},"excerpt":{"rendered":"<p>Product catalog Promotional products New products See more products 30 YEARS 1200+ POINTS OF SALE 30 EXPORTING COUNTRIES 2800 + PARTNERS Outstanding product See more products News<\/p>\n","protected":false},"author":1,"featured_media":0,"parent":0,"menu_order":0,"comment_status":"closed","ping_status":"closed","template":"","meta":[],"_links":{"self":[{"href":"https:\/\/www.minhhoa.com.vn\/en\/wp-json\/wp\/v2\/pages\/9597"}],"collection":[{"href":"https:\/\/www.minhhoa.com.vn\/en\/wp-json\/wp\/v2\/pages"}],"about":[{"href":"https:\/\/www.minhhoa.com.vn\/en\/wp-json\/wp\/v2\/types\/page"}],"author":[{"embeddable":true,"href":"https:\/\/www.minhhoa.com.vn\/en\/wp-json\/wp\/v2\/users\/1"}],"replies":[{"embeddable":true,"href":"https:\/\/www.minhhoa.com.vn\/en\/wp-json\/wp\/v2\/comments?post=9597"}],"version-history":[{"count":4,"href":"https:\/\/www.minhhoa.com.vn\/en\/wp-json\/wp\/v2\/pages\/9597\/revisions"}],"predecessor-version":[{"id":10151,"href":"https:\/\/www.minhhoa.com.vn\/en\/wp-json\/wp\/v2\/pages\/9597\/revisions\/10151"}],"wp:attachment":[{"href":"https:\/\/www.minhhoa.com.vn\/en\/wp-json\/wp\/v2\/media?parent=9597"}],"curies":[{"name":"wp","href":"https:\/\/api.w.org\/{rel}","templated":true}]}}